{"id":1785,"date":"2019-01-14T13:51:49","date_gmt":"2019-01-14T12:51:49","guid":{"rendered":"https:\/\/www.gitesislacooldouce.fr\/gourmandise\/"},"modified":"2024-03-07T15:19:43","modified_gmt":"2024-03-07T14:19:43","slug":"restaurants","status":"publish","type":"page","link":"https:\/\/www.gitesislacooldouce.fr\/en\/activities\/restaurants\/","title":{"rendered":"Restaurants"},"content":{"rendered":"<div class=\"fusion-fullwidth fullwidth-box nonhundred-percent-fullwidth non-hundred-percent-height-scrolling\"  style='background-color: rgba(255,255,255,0);background-position: center center;background-repeat: no-repeat;padding-top:0px;padding-right:0px;padding-bottom:0px;padding-left:0px;'><div class=\"fusion-builder-row fusion-row \"><div  class=\"fusion-layout-column fusion_builder_column fusion_builder_column_1_1  fusion-one-full fusion-column-first fusion-column-last 1_1\"  style='margin-top:0px;margin-bottom:20px;'>\n\t\t\t\t\t<div class=\"fusion-column-wrapper\" style=\"padding: 0px 0px 0px 0px;background-position:left top;background-repeat:no-repeat;-webkit-background-size:cover;-moz-background-size:cover;-o-background-size:cover;background-size:cover;\"   data-bg-url=\"\">\n\t\t\t\t\t\t<div class=\"fusion-title title fusion-sep-none fusion-title-center fusion-title-size-two\" style=\"margin-top:0px;margin-bottom:25px;\"><h2 class=\"title-heading-center\">Some restaurants nearby<\/h2><\/div><div class=\"fusion-sep-clear\"><\/div><div class=\"fusion-separator fusion-full-width-sep sep-none\" style=\"margin-left: auto;margin-right: auto;margin-top:30px;\"><\/div><div class=\"fusion-clearfix\"><\/div>\n\n\t\t\t\t\t<\/div>\n\t\t\t\t<\/div><div  class=\"fusion-layout-column fusion_builder_column fusion_builder_column_1_4  fusion-one-fourth fusion-column-first bloc-restos fusion-column-inner-bg-wrapper 1_4\"  style='margin-top:0px;margin-bottom:20px;width:25%;width:calc(25% - ( ( 30px + 30px + 30px ) * 0.25 ) );margin-right: 30px;'>\n\t\t\t\t\t<div class=\"fusion-column-wrapper\" style=\"padding: 0px 0px 0px 0px;\" data-bg-url=\"\">\n\t\t\t\t\t\t<div class=\"fusion-title title fusion-sep-none fusion-title-size-three\" style=\"margin-top:0px;margin-bottom:25px;\"><h3 class=\"title-heading-left\"><i class=\"fas fa-utensils\"><\/i> Le Grillou<span class=\"nd\">Center of Rosi\u00e8res: 500 meters by foot<\/span><\/h3><\/div><div class=\"fusion-text\"><p>Muriel and her team welcome you every day. Restaurant, bar, ice cream saloon, Le Grillou offers from the morning on breakfast formulas.<\/p>\n<p>Nonstop open, you can enjoy a drink on the sunny terrace or enjoy a meal.<\/p>\n<\/div><div class=\"fusion-clearfix\"><\/div>\n\t\t\t\t\t<\/div>\n\t\t\t\t\t<span class=\"fusion-column-inner-bg hover-type-none\">\n\t\t\t\t\t\t<a href=\"https:\/\/www.restaurantlegrillou.com\/\" rel=\"noopener noreferrer\" target=\"_blank\" aria-label=\"\">\n\t\t\t\t\t\t\t<span class=\"fusion-column-inner-bg-image\"  style=\"background-position:left top;background-repeat:no-repeat;-webkit-background-size:cover;-moz-background-size:cover;-o-background-size:cover;background-size:cover;\"><\/span><\/a>\n\t\t\t\t\t<\/span>\n\t\t\t\t<\/div><div  class=\"fusion-layout-column fusion_builder_column fusion_builder_column_1_4  fusion-one-fourth bloc-restos fusion-column-inner-bg-wrapper 1_4\"  style='margin-top:0px;margin-bottom:20px;width:25%;width:calc(25% - ( ( 30px + 30px + 30px ) * 0.25 ) );margin-right: 30px;'>\n\t\t\t\t\t<div class=\"fusion-column-wrapper\" style=\"padding: 0px 0px 0px 0px;\" data-bg-url=\"\">\n\t\t\t\t\t\t<div class=\"fusion-title title fusion-sep-none fusion-title-size-three\" style=\"margin-top:0px;margin-bottom:25px;\"><h3 class=\"title-heading-left\"><i class=\"fas fa-utensils\"><\/i> L&#8217;Europe<span class=\"nd\">Joyeuse: 900 meters by foot<\/span><\/h3><\/div><div class=\"fusion-text\"><p>Come and try our menu and our specialties such as wood oven pizzas.<\/p>\n<p>Discover our local dishes like muchroom cassolette, or our chestnut flan.<\/p>\n<\/div><div class=\"fusion-clearfix\"><\/div>\n\t\t\t\t\t<\/div>\n\t\t\t\t\t<span class=\"fusion-column-inner-bg hover-type-none\">\n\t\t\t\t\t\t<a href=\"https:\/\/www.ardeche-hotel.net\/en-fr\/restaurant1.php\" rel=\"noopener noreferrer\" target=\"_blank\" aria-label=\"\">\n\t\t\t\t\t\t\t<span class=\"fusion-column-inner-bg-image\"  style=\"background-position:left top;background-repeat:no-repeat;-webkit-background-size:cover;-moz-background-size:cover;-o-background-size:cover;background-size:cover;\"><\/span><\/a>\n\t\t\t\t\t<\/span>\n\t\t\t\t<\/div><div  class=\"fusion-layout-column fusion_builder_column fusion_builder_column_1_4  fusion-one-fourth bloc-restos fusion-column-inner-bg-wrapper 1_4\"  style='margin-top:0px;margin-bottom:20px;width:25%;width:calc(25% - ( ( 30px + 30px + 30px ) * 0.25 ) );margin-right: 30px;'>\n\t\t\t\t\t<div class=\"fusion-column-wrapper\" style=\"padding: 0px 0px 0px 0px;\" data-bg-url=\"\">\n\t\t\t\t\t\t<div class=\"fusion-title title fusion-sep-none fusion-title-size-three\" style=\"margin-top:0px;margin-bottom:25px;\"><h3 class=\"title-heading-left\"><i class=\"fas fa-utensils\"><\/i> Auberge Les Murets<span class=\"nd\">Chandolas: 15 min by car<\/span><\/h3><\/div><div class=\"fusion-text\"><p>Surrounded by a unique environment, Auberge le Murets, and chef Dominique Rignanese, proposes a traditional Ardeche cuisine, honoring local flavors and products, such as: trout filet of Ard\u00e8che, caillette, picodon, nougat glac\u00e9, etc&#8230;<br \/>\nAll this in harmony with a good selection of the finest wines.<\/p>\n<\/div><div class=\"fusion-clearfix\"><\/div>\n\t\t\t\t\t<\/div>\n\t\t\t\t\t<span class=\"fusion-column-inner-bg hover-type-none\">\n\t\t\t\t\t\t<a href=\"http:\/\/www.aubergelesmurets.com\/fr\/restaurant-vallon-pont-darc.html\" rel=\"noopener noreferrer\" target=\"_blank\" aria-label=\"\">\n\t\t\t\t\t\t\t<span class=\"fusion-column-inner-bg-image\"  style=\"background-position:left top;background-repeat:no-repeat;-webkit-background-size:cover;-moz-background-size:cover;-o-background-size:cover;background-size:cover;\"><\/span><\/a>\n\t\t\t\t\t<\/span>\n\t\t\t\t<\/div><div  class=\"fusion-layout-column fusion_builder_column fusion_builder_column_1_4  fusion-one-fourth fusion-column-last bloc-restos fusion-column-inner-bg-wrapper 1_4\"  style='margin-top:0px;margin-bottom:20px;width:25%;width:calc(25% - ( ( 30px + 30px + 30px ) * 0.25 ) );'>\n\t\t\t\t\t<div class=\"fusion-column-wrapper\" style=\"padding: 0px 0px 0px 0px;\" data-bg-url=\"\">\n\t\t\t\t\t\t<div class=\"fusion-title title fusion-sep-none fusion-title-size-three\" style=\"margin-top:0px;margin-bottom:25px;\"><h3 class=\"title-heading-left\"><i class=\"fas fa-utensils\"><\/i> Le Jardin des Secrets<span class=\"nd\"> Grospierres: 20 min by car<\/span><\/h3><\/div><div class=\"fusion-text\"><p>Situated in the village Grospierre, the Garden of Secrets invites you to dicover their bar, restaurant and splendid terrace. A place where you can enjoy a beer between friends and savor their specialties.<\/p>\n<\/div><div class=\"fusion-clearfix\"><\/div>\n\t\t\t\t\t<\/div>\n\t\t\t\t\t<span class=\"fusion-column-inner-bg hover-type-none\">\n\t\t\t\t\t\t<a href=\"https:\/\/jardindessecrets.fr\/presentation\/\" rel=\"noopener noreferrer\" target=\"_blank\" aria-label=\"\">\n\t\t\t\t\t\t\t<span class=\"fusion-column-inner-bg-image\"  style=\"background-position:left top;background-repeat:no-repeat;-webkit-background-size:cover;-moz-background-size:cover;-o-background-size:cover;background-size:cover;\"><\/span><\/a>\n\t\t\t\t\t<\/span>\n\t\t\t\t<\/div><div  class=\"fusion-layout-column fusion_builder_column fusion_builder_column_1_4  fusion-one-fourth fusion-column-first bloc-restos fusion-column-inner-bg-wrapper 1_4\"  style='margin-top:0px;margin-bottom:20px;width:25%;width:calc(25% - ( ( 30px + 30px + 30px ) * 0.25 ) );margin-right: 30px;'>\n\t\t\t\t\t<div class=\"fusion-column-wrapper\" style=\"padding: 0px 0px 0px 0px;\" data-bg-url=\"\">\n\t\t\t\t\t\t<div class=\"fusion-title title fusion-sep-none fusion-title-size-three\" style=\"margin-top:0px;margin-bottom:25px;\"><h3 class=\"title-heading-left\"><i class=\"fas fa-utensils\"><\/i> Le Domaine des Dames<span class=\"nd\"> Vallon Pont d&#8217;Arc: 25 min by car<\/span><\/h3><\/div><div class=\"fusion-text\"><p>Ideally situated in close proximity to Vallon Pont d\u2019Arc, this property hides its treasures in the heart of an inner courtyard overlooking the vineyards.<\/p>\n<p>This restaurant welcomes you in its big vaulted room or on its shady terrace, in calm, genuine and timeless surroundings. You will discover all the delicacies of the Ard\u00e8che cuisine and from other places too.<\/p>\n<\/div><div class=\"fusion-clearfix\"><\/div>\n\t\t\t\t\t<\/div>\n\t\t\t\t\t<span class=\"fusion-column-inner-bg hover-type-none\">\n\t\t\t\t\t\t<a href=\"http:\/\/www.ledomainedesdames.com\/en\/index.php\" rel=\"noopener noreferrer\" target=\"_blank\" aria-label=\"\">\n\t\t\t\t\t\t\t<span class=\"fusion-column-inner-bg-image\"  style=\"background-position:left top;background-repeat:no-repeat;-webkit-background-size:cover;-moz-background-size:cover;-o-background-size:cover;background-size:cover;\"><\/span><\/a>\n\t\t\t\t\t<\/span>\n\t\t\t\t<\/div><div  class=\"fusion-layout-column fusion_builder_column fusion_builder_column_1_4  fusion-one-fourth bloc-restos fusion-column-inner-bg-wrapper 1_4\"  style='margin-top:0px;margin-bottom:20px;width:25%;width:calc(25% - ( ( 30px + 30px + 30px ) * 0.25 ) );margin-right: 30px;'>\n\t\t\t\t\t<div class=\"fusion-column-wrapper\" style=\"padding: 0px 0px 0px 0px;\" data-bg-url=\"\">\n\t\t\t\t\t\t<div class=\"fusion-title title fusion-sep-none fusion-title-size-three\" style=\"margin-top:0px;margin-bottom:25px;\"><h3 class=\"title-heading-left\"><i class=\"fas fa-utensils\"><\/i> La Ferme du Ch\u00e2teau de Bournet<span class=\"nd\"> Grospierres: 25 mn en voiture<\/span><\/h3><\/div><div class=\"fusion-text\"><p>Le Restaurant \u00ab La Bergerie \u00bb est ouvert toute l&#8217;ann\u00e9e. Notre capacit\u00e9 d&#8217;accueil nous permet de recevoir des groupes (des menus sont propos\u00e9s aux caristes). Nos am\u00e9nagements nous permettent de recevoir les personnes handicap\u00e9es.<br \/>\nNos menus allient tradition et modernit\u00e9. En saison un grill est \u00e0 votre disposition. Des soir\u00e9es \u00e0 th\u00e8mes viennent porter une touche folklorique au moment que vous pouvez passer chez nous.<\/p>\n<\/div><div class=\"fusion-clearfix\"><\/div>\n\t\t\t\t\t<\/div>\n\t\t\t\t\t<span class=\"fusion-column-inner-bg hover-type-none\">\n\t\t\t\t\t\t<a href=\"http:\/\/ferme.debournet.pagespro-orange.fr\/restaurant\/restaurant.htm\" rel=\"noopener noreferrer\" target=\"_blank\" aria-label=\"\">\n\t\t\t\t\t\t\t<span class=\"fusion-column-inner-bg-image\"  style=\"background-position:left top;background-repeat:no-repeat;-webkit-background-size:cover;-moz-background-size:cover;-o-background-size:cover;background-size:cover;\"><\/span><\/a>\n\t\t\t\t\t<\/span>\n\t\t\t\t<\/div><div  class=\"fusion-layout-column fusion_builder_column fusion_builder_column_1_4  fusion-one-fourth bloc-restos fusion-column-inner-bg-wrapper 1_4\"  style='margin-top:0px;margin-bottom:20px;width:25%;width:calc(25% - ( ( 30px + 30px + 30px ) * 0.25 ) );margin-right: 30px;'>\n\t\t\t\t\t<div class=\"fusion-column-wrapper\" style=\"padding: 0px 0px 0px 0px;\" data-bg-url=\"\">\n\t\t\t\t\t\t<div class=\"fusion-title title fusion-sep-none fusion-title-size-three\" style=\"margin-top:0px;margin-bottom:25px;\"><h3 class=\"title-heading-left\"><i class=\"fas fa-utensils\"><\/i> Likok\u00e9<span class=\"nd\"> Les Vans: 25 min by car<\/span><\/h3><\/div><div class=\"fusion-text\"><p>Join us for a culinary trip by the atmosphere, the tastes, the flavors, the unique textures of Ard\u00e8che and the Camargue.<\/p>\n<p>Likok\u00e9 welcomes you in Les Vans, where you can find the sun on your skin as well as on your plate.<\/p>\n<\/div><div class=\"fusion-clearfix\"><\/div>\n\t\t\t\t\t<\/div>\n\t\t\t\t\t<span class=\"fusion-column-inner-bg hover-type-none\">\n\t\t\t\t\t\t<a href=\"http:\/\/www.likoke.fr\/en\/home\" rel=\"noopener noreferrer\" target=\"_blank\" aria-label=\"\">\n\t\t\t\t\t\t\t<span class=\"fusion-column-inner-bg-image\"  style=\"background-position:left top;background-repeat:no-repeat;-webkit-background-size:cover;-moz-background-size:cover;-o-background-size:cover;background-size:cover;\"><\/span><\/a>\n\t\t\t\t\t<\/span>\n\t\t\t\t<\/div><div  class=\"fusion-layout-column fusion_builder_column fusion_builder_column_1_4  fusion-one-fourth fusion-column-last bloc-restos fusion-column-inner-bg-wrapper 1_4\"  style='margin-top:0px;margin-bottom:20px;width:25%;width:calc(25% - ( ( 30px + 30px + 30px ) * 0.25 ) );'>\n\t\t\t\t\t<div class=\"fusion-column-wrapper\" style=\"padding: 0px 0px 0px 0px;\" data-bg-url=\"\">\n\t\t\t\t\t\t<div class=\"fusion-title title fusion-sep-none fusion-title-size-three\" style=\"margin-top:0px;margin-bottom:25px;\"><h3 class=\"title-heading-left\"><i class=\"fas fa-utensils\"><\/i> Bouche \u00e0 Oreille<span class=\"nd\"> Joyeuse: 900 meters by foot<\/span><\/h3><\/div><div class=\"fusion-text\"><p>Restaurant, fresh local products, bistrot menu, selected wines by our independent winemakers.<\/p>\n<\/div><div class=\"fusion-clearfix\"><\/div>\n\t\t\t\t\t<\/div>\n\t\t\t\t\t<span class=\"fusion-column-inner-bg hover-type-none\">\n\t\t\t\t\t\t<a href=\"https:\/\/www.facebook.com\/boucheaoreille07260\" rel=\"noopener noreferrer\" target=\"_blank\" aria-label=\"\">\n\t\t\t\t\t\t\t<span class=\"fusion-column-inner-bg-image\"  style=\"background-position:left top;background-repeat:no-repeat;-webkit-background-size:cover;-moz-background-size:cover;-o-background-size:cover;background-size:cover;\"><\/span><\/a>\n\t\t\t\t\t<\/span>\n\t\t\t\t<\/div><div  class=\"fusion-layout-column fusion_builder_column fusion_builder_column_1_4  fusion-one-fourth fusion-column-first bloc-restos fusion-column-inner-bg-wrapper 1_4\"  style='margin-top:0px;margin-bottom:20px;width:25%;width:calc(25% - ( ( 30px + 30px + 30px ) * 0.25 ) );margin-right: 30px;'>\n\t\t\t\t\t<div class=\"fusion-column-wrapper\" style=\"padding: 0px 0px 0px 0px;\" data-bg-url=\"\">\n\t\t\t\t\t\t<div class=\"fusion-title title fusion-sep-none fusion-title-size-three\" style=\"margin-top:0px;margin-bottom:25px;\"><h3 class=\"title-heading-left\"><i class=\"fas fa-utensils\"><\/i> Snack Bar Isla Cool Douce<span class=\"nd\"> Chauzon: 20 min by car<\/span><\/h3><\/div><div class=\"imageframe-align-center\"><span class=\"fusion-imageframe imageframe-none imageframe-1 hover-type-none\"><img loading=\"lazy\" decoding=\"async\" src=\"https:\/\/www.gitesislacooldouce.fr\/wp-content\/uploads\/snack-300x200.jpg\" width=\"300\" height=\"200\" alt=\"Snack Bar Isla Cool Douce\" title=\"Snack Bar Isla Cool Douce\" class=\"img-responsive wp-image-1751\" srcset=\"https:\/\/www.gitesislacooldouce.fr\/wp-content\/uploads\/snack-200x134.jpg 200w, https:\/\/www.gitesislacooldouce.fr\/wp-content\/uploads\/snack-400x267.jpg 400w, https:\/\/www.gitesislacooldouce.fr\/wp-content\/uploads\/snack-600x401.jpg 600w, https:\/\/www.gitesislacooldouce.fr\/wp-content\/uploads\/snack-800x534.jpg 800w, https:\/\/www.gitesislacooldouce.fr\/wp-content\/uploads\/snack.jpg 1200w\" sizes=\"auto, (max-width: 900px) 100vw, 400px\" \/><\/span><\/div><div class=\"fusion-sep-clear\"><\/div><div class=\"fusion-separator fusion-full-width-sep sep-none\" style=\"margin-left: auto;margin-right: auto;margin-top:30px;\"><\/div><div class=\"fusion-text\"><p>The terrace offers you an amazing view over our private beach next to the river Ardeche.<\/p>\n<p>Come and dicover our different salads, our homemade hamburgers, our kebab or other high quality snacks.<\/p>\n<p>Nonstop open from 12-6pm. Free entry for Isla Cool Douce customers.<\/p>\n<\/div><div class=\"fusion-clearfix\"><\/div>\n\t\t\t\t\t<\/div>\n\t\t\t\t\t<span class=\"fusion-column-inner-bg hover-type-none\">\n\t\t\t\t\t\t<a href=\"http:\/\/www.islacooldouce.fr\/\" rel=\"noopener noreferrer\" target=\"_blank\" aria-label=\"\">\n\t\t\t\t\t\t\t<span class=\"fusion-column-inner-bg-image\"  style=\"background-position:left top;background-repeat:no-repeat;-webkit-background-size:cover;-moz-background-size:cover;-o-background-size:cover;background-size:cover;\"><\/span><\/a>\n\t\t\t\t\t<\/span>\n\t\t\t\t<\/div><div  class=\"fusion-layout-column fusion_builder_column fusion_builder_column_1_4  fusion-one-fourth bloc-restos fusion-column-inner-bg-wrapper 1_4\"  style='margin-top:0px;margin-bottom:20px;width:25%;width:calc(25% - ( ( 30px + 30px + 30px ) * 0.25 ) );margin-right: 30px;'>\n\t\t\t\t\t<div class=\"fusion-column-wrapper\" style=\"padding: 0px 0px 0px 0px;\" data-bg-url=\"\">\n\t\t\t\t\t\t<div class=\"fusion-title title fusion-sep-none fusion-title-size-three\" style=\"margin-top:0px;margin-bottom:25px;\"><h3 class=\"title-heading-left\"><i class=\"fas fa-utensils\"><\/i> L&#8217;Auberge Gonfl\u00e9e<span class=\"nd\"> Laurac: 5 min by car<\/span><\/h3><\/div><div class=\"imageframe-align-center\"><span class=\"fusion-imageframe imageframe-none imageframe-2 hover-type-none\"><img loading=\"lazy\" decoding=\"async\" src=\"https:\/\/www.gitesislacooldouce.fr\/wp-content\/uploads\/logo-l-auberge-gonflee.png\" width=\"258\" height=\"177\" alt=\"The Auberge Gonfl\u00e9e in Laurac en Vivarais\" title=\"The Auberge Gonfl\u00e9e in Laurac en Vivarais\" class=\"img-responsive wp-image-1727\" srcset=\"https:\/\/www.gitesislacooldouce.fr\/wp-content\/uploads\/logo-l-auberge-gonflee-200x137.png 200w, https:\/\/www.gitesislacooldouce.fr\/wp-content\/uploads\/logo-l-auberge-gonflee.png 258w\" sizes=\"auto, (max-width: 900px) 100vw, 258px\" \/><\/span><\/div><div class=\"fusion-sep-clear\"><\/div><div class=\"fusion-separator fusion-full-width-sep sep-none\" style=\"margin-left: auto;margin-right: auto;margin-top:50px;\"><\/div><div class=\"fusion-text\"><p>The restaurant l\u2019Auberge Gonfl\u00e9e is a beautiful stone building with a terrace overviewing the mountains of the Ar\u00e8che and the greens of the mini-golf.<\/p>\n<p>They offer a traditional cuisine in a friendly and warm environment. On holidays, with friends or family, this restaurant is the ideal spot for a nice moment with all budgets.<\/p>\n<\/div><div class=\"fusion-clearfix\"><\/div>\n\t\t\t\t\t<\/div>\n\t\t\t\t\t<span class=\"fusion-column-inner-bg hover-type-none\">\n\t\t\t\t\t\t<a href=\"http:\/\/www.aubergegonflee.com\/\" rel=\"noopener noreferrer\" target=\"_blank\" aria-label=\"\">\n\t\t\t\t\t\t\t<span class=\"fusion-column-inner-bg-image\"  style=\"background-position:left top;background-repeat:no-repeat;-webkit-background-size:cover;-moz-background-size:cover;-o-background-size:cover;background-size:cover;\"><\/span><\/a>\n\t\t\t\t\t<\/span>\n\t\t\t\t<\/div><div  class=\"fusion-layout-column fusion_builder_column fusion_builder_column_1_4  fusion-one-fourth bloc-restos fusion-column-inner-bg-wrapper 1_4\"  style='margin-top:0px;margin-bottom:20px;width:25%;width:calc(25% - ( ( 30px + 30px + 30px ) * 0.25 ) );margin-right: 30px;'>\n\t\t\t\t\t<div class=\"fusion-column-wrapper\" style=\"padding: 0px 0px 0px 0px;\" data-bg-url=\"\">\n\t\t\t\t\t\t<div class=\"fusion-title title fusion-sep-none fusion-title-size-three\" style=\"margin-top:0px;margin-bottom:25px;\"><h3 class=\"title-heading-left\"><i class=\"fas fa-utensils\"><\/i> Le Terminus<span class=\"nd\"> Ruoms: 20 min by car<\/span><\/h3><\/div><div class=\"imageframe-align-center\"><span class=\"fusion-imageframe imageframe-none imageframe-3 hover-type-none\"><img loading=\"lazy\" decoding=\"async\" src=\"https:\/\/www.gitesislacooldouce.fr\/wp-content\/uploads\/logo-le-terminus-300x190.jpg\" width=\"300\" height=\"190\" alt=\"Restaurant Le Terminus in Ruoms\" title=\"Restaurant Le Terminus in Ruoms\" class=\"img-responsive wp-image-1723\" srcset=\"https:\/\/www.gitesislacooldouce.fr\/wp-content\/uploads\/logo-le-terminus-200x127.jpg 200w, https:\/\/www.gitesislacooldouce.fr\/wp-content\/uploads\/logo-le-terminus-400x254.jpg 400w, https:\/\/www.gitesislacooldouce.fr\/wp-content\/uploads\/logo-le-terminus.jpg 451w\" sizes=\"auto, (max-width: 900px) 100vw, 400px\" \/><\/span><\/div><div class=\"fusion-sep-clear\"><\/div><div class=\"fusion-separator fusion-full-width-sep sep-none\" style=\"margin-left: auto;margin-right: auto;margin-top:50px;\"><\/div><div class=\"fusion-text\"><p>Specialized in local preparations. To indulge the taste buds with a nice glass of wine.<\/p>\n<\/div><div class=\"fusion-clearfix\"><\/div>\n\t\t\t\t\t<\/div>\n\t\t\t\t\t<span class=\"fusion-column-inner-bg hover-type-none\">\n\t\t\t\t\t\t<a href=\"https:\/\/fr-fr.facebook.com\/pages\/category\/Restaurant\/Restaurant-Le-Terminus-RUOMS-1043448722454972\/\" rel=\"noopener noreferrer\" target=\"_blank\" aria-label=\"\">\n\t\t\t\t\t\t\t<span class=\"fusion-column-inner-bg-image\"  style=\"background-position:left top;background-repeat:no-repeat;-webkit-background-size:cover;-moz-background-size:cover;-o-background-size:cover;background-size:cover;\"><\/span><\/a>\n\t\t\t\t\t<\/span>\n\t\t\t\t<\/div><div  class=\"fusion-layout-column fusion_builder_column fusion_builder_column_1_4  fusion-one-fourth fusion-column-last bloc-restos fusion-column-inner-bg-wrapper 1_4\"  style='margin-top:0px;margin-bottom:20px;width:25%;width:calc(25% - ( ( 30px + 30px + 30px ) * 0.25 ) );'>\n\t\t\t\t\t<div class=\"fusion-column-wrapper\" style=\"padding: 0px 0px 0px 0px;\" data-bg-url=\"\">\n\t\t\t\t\t\t<div class=\"fusion-title title fusion-sep-none fusion-title-size-three\" style=\"margin-top:0px;margin-bottom:25px;\"><h3 class=\"title-heading-left\"><i class=\"fas fa-utensils\"><\/i> Garage 116<span class=\"nd\"> Ruoms: 20 min by car<\/span><\/h3><\/div><div class=\"imageframe-align-center\"><span class=\"fusion-imageframe imageframe-none imageframe-4 hover-type-none\"><img loading=\"lazy\" decoding=\"async\" src=\"https:\/\/www.gitesislacooldouce.fr\/wp-content\/uploads\/garage116.jpg\" width=\"451\" height=\"225\" alt=\"Garage 116 in Ruoms\" title=\"Garage 116 in Ruoms\" class=\"img-responsive wp-image-2495\" srcset=\"https:\/\/www.gitesislacooldouce.fr\/wp-content\/uploads\/garage116-200x100.jpg 200w, https:\/\/www.gitesislacooldouce.fr\/wp-content\/uploads\/garage116-400x200.jpg 400w, https:\/\/www.gitesislacooldouce.fr\/wp-content\/uploads\/garage116.jpg 451w\" sizes=\"auto, (max-width: 900px) 100vw, 451px\" \/><\/span><\/div><div class=\"fusion-sep-clear\"><\/div><div class=\"fusion-separator fusion-full-width-sep sep-none\" style=\"margin-left: auto;margin-right: auto;margin-top:50px;\"><\/div><div class=\"fusion-text\"><p>Nice hamburger restaurant, ideal after shopping in Ruoms.<\/p>\n<\/div><div class=\"fusion-clearfix\"><\/div>\n\t\t\t\t\t<\/div>\n\t\t\t\t\t<span class=\"fusion-column-inner-bg hover-type-none\">\n\t\t\t\t\t\t<a href=\"https:\/\/www.facebook.com\/garage116ruoms\/\" rel=\"noopener noreferrer\" target=\"_blank\" aria-label=\"\">\n\t\t\t\t\t\t\t<span class=\"fusion-column-inner-bg-image\"  style=\"background-position:left top;background-repeat:no-repeat;-webkit-background-size:cover;-moz-background-size:cover;-o-background-size:cover;background-size:cover;\"><\/span><\/a>\n\t\t\t\t\t<\/span>\n\t\t\t\t<\/div><\/div><\/div>\n","protected":false},"excerpt":{"rendered":"","protected":false},"author":1,"featured_media":0,"parent":1816,"menu_order":0,"comment_status":"closed","ping_status":"closed","template":"","meta":{"footnotes":""},"class_list":["post-1785","page","type-page","status-publish","hentry"],"_links":{"self":[{"href":"https:\/\/www.gitesislacooldouce.fr\/en\/wp-json\/wp\/v2\/pages\/1785","targetHints":{"allow":["GET"]}}],"collection":[{"href":"https:\/\/www.gitesislacooldouce.fr\/en\/wp-json\/wp\/v2\/pages"}],"about":[{"href":"https:\/\/www.gitesislacooldouce.fr\/en\/wp-json\/wp\/v2\/types\/page"}],"author":[{"embeddable":true,"href":"https:\/\/www.gitesislacooldouce.fr\/en\/wp-json\/wp\/v2\/users\/1"}],"replies":[{"embeddable":true,"href":"https:\/\/www.gitesislacooldouce.fr\/en\/wp-json\/wp\/v2\/comments?post=1785"}],"version-history":[{"count":6,"href":"https:\/\/www.gitesislacooldouce.fr\/en\/wp-json\/wp\/v2\/pages\/1785\/revisions"}],"predecessor-version":[{"id":3556,"href":"https:\/\/www.gitesislacooldouce.fr\/en\/wp-json\/wp\/v2\/pages\/1785\/revisions\/3556"}],"up":[{"embeddable":true,"href":"https:\/\/www.gitesislacooldouce.fr\/en\/wp-json\/wp\/v2\/pages\/1816"}],"wp:attachment":[{"href":"https:\/\/www.gitesislacooldouce.fr\/en\/wp-json\/wp\/v2\/media?parent=1785"}],"curies":[{"name":"wp","href":"https:\/\/api.w.org\/{rel}","templated":true}]}}