{"id":3563,"date":"2019-01-14T13:51:49","date_gmt":"2019-01-14T12:51:49","guid":{"rendered":"https:\/\/www.gitesislacooldouce.fr\/gourmandise\/"},"modified":"2024-03-15T14:02:18","modified_gmt":"2024-03-15T13:02:18","slug":"restaurants","status":"publish","type":"page","link":"https:\/\/www.gitesislacooldouce.fr\/de\/aktivitaten\/restaurants\/","title":{"rendered":"Restaurants"},"content":{"rendered":"<div class=\"fusion-fullwidth fullwidth-box nonhundred-percent-fullwidth non-hundred-percent-height-scrolling\"  style='background-color: rgba(255,255,255,0);background-position: center center;background-repeat: no-repeat;padding-top:0px;padding-right:0px;padding-bottom:0px;padding-left:0px;'><div class=\"fusion-builder-row fusion-row \"><div  class=\"fusion-layout-column fusion_builder_column fusion_builder_column_1_1  fusion-one-full fusion-column-first fusion-column-last 1_1\"  style='margin-top:0px;margin-bottom:20px;'>\n\t\t\t\t\t<div class=\"fusion-column-wrapper\" style=\"padding: 0px 0px 0px 0px;background-position:left top;background-repeat:no-repeat;-webkit-background-size:cover;-moz-background-size:cover;-o-background-size:cover;background-size:cover;\"   data-bg-url=\"\">\n\t\t\t\t\t\t<div class=\"fusion-title title fusion-sep-none fusion-title-center fusion-title-size-two\" style=\"margin-top:0px;margin-bottom:25px;\"><h2 class=\"title-heading-center\">Restaurants in der Umgebung<\/h2><\/div><div class=\"fusion-sep-clear\"><\/div><div class=\"fusion-separator fusion-full-width-sep sep-none\" style=\"margin-left: auto;margin-right: auto;margin-top:30px;\"><\/div><div class=\"fusion-clearfix\"><\/div>\n\n\t\t\t\t\t<\/div>\n\t\t\t\t<\/div><div  class=\"fusion-layout-column fusion_builder_column fusion_builder_column_1_4  fusion-one-fourth fusion-column-first bloc-restos fusion-column-inner-bg-wrapper 1_4\"  style='margin-top:0px;margin-bottom:20px;width:25%;width:calc(25% - ( ( 30px + 30px + 30px ) * 0.25 ) );margin-right: 30px;'>\n\t\t\t\t\t<div class=\"fusion-column-wrapper\" style=\"padding: 0px 0px 0px 0px;\" data-bg-url=\"\">\n\t\t\t\t\t\t<div class=\"fusion-title title fusion-sep-none fusion-title-size-three\" style=\"margin-top:0px;margin-bottom:25px;\"><h3 class=\"title-heading-left\"><i class=\"fas fa-utensils\"><\/i> Le Grillou<span class=\"nd\">Zentrum von Rosi\u00e8res: 500 m zu Fu\u00df<\/span><\/h3><\/div><div class=\"fusion-text\"><p>Muriel und ihr Team hei\u00dfen Sie jeden Tag willkommen. Restaurant, Bar, Eisdiele, das Grillou bietet Ihnen Fr\u00fchst\u00fccksformeln ab dem Morgen.<\/p>\n<p>Sie sind rund um die Uhr ge\u00f6ffnet und k\u00f6nnen auf der sonnigen Terrasse einen Drink oder eine k\u00f6stliche Mahlzeit genie\u00dfen.<\/p>\n<\/div><div class=\"fusion-clearfix\"><\/div>\n\t\t\t\t\t<\/div>\n\t\t\t\t\t<span class=\"fusion-column-inner-bg hover-type-none\">\n\t\t\t\t\t\t<a href=\"https:\/\/www.restaurantlegrillou.com\/\" rel=\"noopener noreferrer\" target=\"_blank\" aria-label=\"\">\n\t\t\t\t\t\t\t<span class=\"fusion-column-inner-bg-image\"  style=\"background-position:left top;background-repeat:no-repeat;-webkit-background-size:cover;-moz-background-size:cover;-o-background-size:cover;background-size:cover;\"><\/span><\/a>\n\t\t\t\t\t<\/span>\n\t\t\t\t<\/div><div  class=\"fusion-layout-column fusion_builder_column fusion_builder_column_1_4  fusion-one-fourth bloc-restos fusion-column-inner-bg-wrapper 1_4\"  style='margin-top:0px;margin-bottom:20px;width:25%;width:calc(25% - ( ( 30px + 30px + 30px ) * 0.25 ) );margin-right: 30px;'>\n\t\t\t\t\t<div class=\"fusion-column-wrapper\" style=\"padding: 0px 0px 0px 0px;\" data-bg-url=\"\">\n\t\t\t\t\t\t<div class=\"fusion-title title fusion-sep-none fusion-title-size-three\" style=\"margin-top:0px;margin-bottom:25px;\"><h3 class=\"title-heading-left\"><i class=\"fas fa-utensils\"><\/i> L&#8217;Europe<span class=\"nd\">Joyeuse: 900 m zu Fu\u00df<\/span><\/h3><\/div><div class=\"fusion-text\"><p>Kommen Sie und entdecken Sie unsere Spezialit\u00e4ten wie Holzofenpizzas.<\/p>\n<p>Entdecken Sie lokale Spezialit\u00e4ten wie Pilz-Cassolette oder Kastanien-Flan.<\/p>\n<\/div><div class=\"fusion-clearfix\"><\/div>\n\t\t\t\t\t<\/div>\n\t\t\t\t\t<span class=\"fusion-column-inner-bg hover-type-none\">\n\t\t\t\t\t\t<a href=\"https:\/\/www.ardeche-hotel.net\/restaurant.php\" rel=\"noopener noreferrer\" target=\"_blank\" aria-label=\"\">\n\t\t\t\t\t\t\t<span class=\"fusion-column-inner-bg-image\"  style=\"background-position:left top;background-repeat:no-repeat;-webkit-background-size:cover;-moz-background-size:cover;-o-background-size:cover;background-size:cover;\"><\/span><\/a>\n\t\t\t\t\t<\/span>\n\t\t\t\t<\/div><div  class=\"fusion-layout-column fusion_builder_column fusion_builder_column_1_4  fusion-one-fourth bloc-restos fusion-column-inner-bg-wrapper 1_4\"  style='margin-top:0px;margin-bottom:20px;width:25%;width:calc(25% - ( ( 30px + 30px + 30px ) * 0.25 ) );margin-right: 30px;'>\n\t\t\t\t\t<div class=\"fusion-column-wrapper\" style=\"padding: 0px 0px 0px 0px;\" data-bg-url=\"\">\n\t\t\t\t\t\t<div class=\"fusion-title title fusion-sep-none fusion-title-size-three\" style=\"margin-top:0px;margin-bottom:25px;\"><h3 class=\"title-heading-left\"><i class=\"fas fa-utensils\"><\/i> Auberge Les Murets<span class=\"nd\">Chandolas: 15 Autominuten<\/span><\/h3><\/div><div class=\"fusion-text\"><p>In einer einzigartigen Umgebung gelegen, bietet die Auberge le Murets unter Chefkoch Dominique Rignanese traditionelle Ard\u00e8che-K\u00fcche, die lokale Aromen und Produkte wie Ard\u00e8che-Forelle, Caillette, Picodon, Nougat-Glac\u00e9 usw. w\u00fcrdigt.<br \/>\nUnd das alles im Einklang mit einer Auswahl der besten Weine.<\/p>\n<\/div><div class=\"fusion-clearfix\"><\/div>\n\t\t\t\t\t<\/div>\n\t\t\t\t\t<span class=\"fusion-column-inner-bg hover-type-none\">\n\t\t\t\t\t\t<a href=\"http:\/\/www.aubergelesmurets.com\/fr\/restaurant-vallon-pont-darc.html\" rel=\"noopener noreferrer\" target=\"_blank\" aria-label=\"\">\n\t\t\t\t\t\t\t<span class=\"fusion-column-inner-bg-image\"  style=\"background-position:left top;background-repeat:no-repeat;-webkit-background-size:cover;-moz-background-size:cover;-o-background-size:cover;background-size:cover;\"><\/span><\/a>\n\t\t\t\t\t<\/span>\n\t\t\t\t<\/div><div  class=\"fusion-layout-column fusion_builder_column fusion_builder_column_1_4  fusion-one-fourth fusion-column-last bloc-restos fusion-column-inner-bg-wrapper 1_4\"  style='margin-top:0px;margin-bottom:20px;width:25%;width:calc(25% - ( ( 30px + 30px + 30px ) * 0.25 ) );'>\n\t\t\t\t\t<div class=\"fusion-column-wrapper\" style=\"padding: 0px 0px 0px 0px;\" data-bg-url=\"\">\n\t\t\t\t\t\t<div class=\"fusion-title title fusion-sep-none fusion-title-size-three\" style=\"margin-top:0px;margin-bottom:25px;\"><h3 class=\"title-heading-left\"><i class=\"fas fa-utensils\"><\/i> Der Jardin des Secrets<span class=\"nd\"> Grospierres: 20 Minuten Fahrt<\/span><\/h3><\/div><div class=\"fusion-text\"><p>Franz\u00f6sisch-belgische K\u00fcche. Das im Dorf Grospierre gelegene Le Jardin des Secrets hei\u00dft Sie herzlich willkommen, seine Bar, sein Restaurant und seine sch\u00f6ne Terrasse zu entdecken. Ein Ort, an dem Sie mit Freunden ein Bier genie\u00dfen und deren Spezialit\u00e4ten probieren k\u00f6nnen.<\/p>\n<\/div><div class=\"fusion-clearfix\"><\/div>\n\t\t\t\t\t<\/div>\n\t\t\t\t\t<span class=\"fusion-column-inner-bg hover-type-none\">\n\t\t\t\t\t\t<a href=\"https:\/\/jardindessecrets.fr\/presentation\/\" rel=\"noopener noreferrer\" target=\"_blank\" aria-label=\"\">\n\t\t\t\t\t\t\t<span class=\"fusion-column-inner-bg-image\"  style=\"background-position:left top;background-repeat:no-repeat;-webkit-background-size:cover;-moz-background-size:cover;-o-background-size:cover;background-size:cover;\"><\/span><\/a>\n\t\t\t\t\t<\/span>\n\t\t\t\t<\/div><div  class=\"fusion-layout-column fusion_builder_column fusion_builder_column_1_4  fusion-one-fourth fusion-column-first bloc-restos fusion-column-inner-bg-wrapper 1_4\"  style='margin-top:0px;margin-bottom:20px;width:25%;width:calc(25% - ( ( 30px + 30px + 30px ) * 0.25 ) );margin-right: 30px;'>\n\t\t\t\t\t<div class=\"fusion-column-wrapper\" style=\"padding: 0px 0px 0px 0px;\" data-bg-url=\"\">\n\t\t\t\t\t\t<div class=\"fusion-title title fusion-sep-none fusion-title-size-three\" style=\"margin-top:0px;margin-bottom:25px;\"><h3 class=\"title-heading-left\"><i class=\"fas fa-utensils\"><\/i> Le Domaine des Dames<span class=\"nd\"> Vallon Pont d&#8217;Arc: 25 Minuten Fahrt<\/span><\/h3><\/div><div class=\"fusion-text\"><p>Ideal in der N\u00e4he von Vallon Pont d&#8217;Arc gelegen, verbirgt dieses Anwesen seine Sch\u00e4tze im Herzen eines Innenhofs mit Blick auf die Weinberge. Dieses Restaurant empf\u00e4ngt Sie in seinem gro\u00dfen Innenbereich oder auf der schattigen Terrasse in einer ruhigen und aufrichtigen, zeitlosen Umgebung.<\/p>\n<p>Hier k\u00f6nnen Sie unter anderem franz\u00f6sische K\u00fcche genie\u00dfen.<\/p>\n<\/div><div class=\"fusion-clearfix\"><\/div>\n\t\t\t\t\t<\/div>\n\t\t\t\t\t<span class=\"fusion-column-inner-bg hover-type-none\">\n\t\t\t\t\t\t<a href=\"http:\/\/www.ledomainedesdames.com\/index.php\" rel=\"noopener noreferrer\" target=\"_blank\" aria-label=\"\">\n\t\t\t\t\t\t\t<span class=\"fusion-column-inner-bg-image\"  style=\"background-position:left top;background-repeat:no-repeat;-webkit-background-size:cover;-moz-background-size:cover;-o-background-size:cover;background-size:cover;\"><\/span><\/a>\n\t\t\t\t\t<\/span>\n\t\t\t\t<\/div><div  class=\"fusion-layout-column fusion_builder_column fusion_builder_column_1_4  fusion-one-fourth bloc-restos fusion-column-inner-bg-wrapper 1_4\"  style='margin-top:0px;margin-bottom:20px;width:25%;width:calc(25% - ( ( 30px + 30px + 30px ) * 0.25 ) );margin-right: 30px;'>\n\t\t\t\t\t<div class=\"fusion-column-wrapper\" style=\"padding: 0px 0px 0px 0px;\" data-bg-url=\"\">\n\t\t\t\t\t\t<div class=\"fusion-title title fusion-sep-none fusion-title-size-three\" style=\"margin-top:0px;margin-bottom:25px;\"><h3 class=\"title-heading-left\"><i class=\"fas fa-utensils\"><\/i> La Ferme du Ch\u00e2teau de Bournet<span class=\"nd\"> Grospierres: 25 Minuten Fahrt<\/span><\/h3><\/div><div class=\"fusion-text\"><p>Das Restaurant \u201eLa Bergerie\u201c ist ganzj\u00e4hrig ge\u00f6ffnet. Sie k\u00f6nnen gro\u00dfe Gruppen empfangen (angepasstes Men\u00fc). Die Struktur ist auch f\u00fcr Rollst\u00fchle zug\u00e4nglich.<br \/>\nDie K\u00fcche ist eine Kombination aus Tradition und Moderne. W\u00e4hrend der Saison ge\u00f6ffnet im Grill. Themenabende verleihen dem Ganzen eine folkloristische Note.<\/p>\n<\/div><div class=\"fusion-clearfix\"><\/div>\n\t\t\t\t\t<\/div>\n\t\t\t\t\t<span class=\"fusion-column-inner-bg hover-type-none\">\n\t\t\t\t\t\t<a href=\"http:\/\/ferme.debournet.pagespro-orange.fr\/restaurant\/restaurant.htm\" rel=\"noopener noreferrer\" target=\"_blank\" aria-label=\"\">\n\t\t\t\t\t\t\t<span class=\"fusion-column-inner-bg-image\"  style=\"background-position:left top;background-repeat:no-repeat;-webkit-background-size:cover;-moz-background-size:cover;-o-background-size:cover;background-size:cover;\"><\/span><\/a>\n\t\t\t\t\t<\/span>\n\t\t\t\t<\/div><div  class=\"fusion-layout-column fusion_builder_column fusion_builder_column_1_4  fusion-one-fourth bloc-restos fusion-column-inner-bg-wrapper 1_4\"  style='margin-top:0px;margin-bottom:20px;width:25%;width:calc(25% - ( ( 30px + 30px + 30px ) * 0.25 ) );margin-right: 30px;'>\n\t\t\t\t\t<div class=\"fusion-column-wrapper\" style=\"padding: 0px 0px 0px 0px;\" data-bg-url=\"\">\n\t\t\t\t\t\t<div class=\"fusion-title title fusion-sep-none fusion-title-size-three\" style=\"margin-top:0px;margin-bottom:25px;\"><h3 class=\"title-heading-left\"><i class=\"fas fa-utensils\"><\/i> Likok\u00e9<span class=\"nd\"> Les Vans: 25 Minuten Fahrt<\/span><\/h3><\/div><div class=\"fusion-text\"><p>Kommen Sie mit uns auf eine kulinarische Reise und entdecken Sie die Atmosph\u00e4re, Aromen, Farben, D\u00fcfte und Texturen der Ard\u00e8che und der Camargue.<\/p>\n<p>Likok\u00e9 hei\u00dft Sie in Les Vans willkommen, wo Sie die Sonne sowohl auf Ihrem Haus als auch auf Ihrem Teller finden.<\/p>\n<\/div><div class=\"fusion-clearfix\"><\/div>\n\t\t\t\t\t<\/div>\n\t\t\t\t\t<span class=\"fusion-column-inner-bg hover-type-none\">\n\t\t\t\t\t\t<a href=\"http:\/\/www.likoke.fr\/fr\/home\" rel=\"noopener noreferrer\" target=\"_blank\" aria-label=\"\">\n\t\t\t\t\t\t\t<span class=\"fusion-column-inner-bg-image\"  style=\"background-position:left top;background-repeat:no-repeat;-webkit-background-size:cover;-moz-background-size:cover;-o-background-size:cover;background-size:cover;\"><\/span><\/a>\n\t\t\t\t\t<\/span>\n\t\t\t\t<\/div><div  class=\"fusion-layout-column fusion_builder_column fusion_builder_column_1_4  fusion-one-fourth fusion-column-last bloc-restos fusion-column-inner-bg-wrapper 1_4\"  style='margin-top:0px;margin-bottom:20px;width:25%;width:calc(25% - ( ( 30px + 30px + 30px ) * 0.25 ) );'>\n\t\t\t\t\t<div class=\"fusion-column-wrapper\" style=\"padding: 0px 0px 0px 0px;\" data-bg-url=\"\">\n\t\t\t\t\t\t<div class=\"fusion-title title fusion-sep-none fusion-title-size-three\" style=\"margin-top:0px;margin-bottom:25px;\"><h3 class=\"title-heading-left\"><i class=\"fas fa-utensils\"><\/i> Bouche \u00e0 Oreille<span class=\"nd\"> Joyeuse: 900 m zu Fu\u00df<\/span><\/h3><\/div><div class=\"fusion-text\"><p>Restaurant, frische lokale Produkte, Bistro-Men\u00fc und speziell ausgew\u00e4hlte Weine unserer unabh\u00e4ngigen Winzer.<\/p>\n<\/div><div class=\"fusion-clearfix\"><\/div>\n\t\t\t\t\t<\/div>\n\t\t\t\t\t<span class=\"fusion-column-inner-bg hover-type-none\">\n\t\t\t\t\t\t<a href=\"https:\/\/www.facebook.com\/boucheaoreille07260\" rel=\"noopener noreferrer\" target=\"_blank\" aria-label=\"\">\n\t\t\t\t\t\t\t<span class=\"fusion-column-inner-bg-image\"  style=\"background-position:left top;background-repeat:no-repeat;-webkit-background-size:cover;-moz-background-size:cover;-o-background-size:cover;background-size:cover;\"><\/span><\/a>\n\t\t\t\t\t<\/span>\n\t\t\t\t<\/div><div  class=\"fusion-layout-column fusion_builder_column fusion_builder_column_1_4  fusion-one-fourth fusion-column-first bloc-restos fusion-column-inner-bg-wrapper 1_4\"  style='margin-top:0px;margin-bottom:20px;width:25%;width:calc(25% - ( ( 30px + 30px + 30px ) * 0.25 ) );margin-right: 30px;'>\n\t\t\t\t\t<div class=\"fusion-column-wrapper\" style=\"padding: 0px 0px 0px 0px;\" data-bg-url=\"\">\n\t\t\t\t\t\t<div class=\"fusion-title title fusion-sep-none fusion-title-size-three\" style=\"margin-top:0px;margin-bottom:25px;\"><h3 class=\"title-heading-left\"><i class=\"fas fa-utensils\"><\/i> Snackbar Isla Cool Douce<span class=\"nd\"> Chauzon: 20 Minuten Fahrt<\/span><\/h3><\/div><div class=\"imageframe-align-center\"><span class=\"fusion-imageframe imageframe-none imageframe-1 hover-type-none\"><img loading=\"lazy\" decoding=\"async\" src=\"https:\/\/www.gitesislacooldouce.fr\/wp-content\/uploads\/snack-300x200.jpg\" width=\"300\" height=\"200\" alt=\"Snackbar Isla Cool Douce\" title=\"Snackbar Isla Cool Douce\" class=\"img-responsive wp-image-3717\" srcset=\"https:\/\/www.gitesislacooldouce.fr\/wp-content\/uploads\/snack-200x134.jpg 200w, https:\/\/www.gitesislacooldouce.fr\/wp-content\/uploads\/snack-400x267.jpg 400w, https:\/\/www.gitesislacooldouce.fr\/wp-content\/uploads\/snack-600x401.jpg 600w, https:\/\/www.gitesislacooldouce.fr\/wp-content\/uploads\/snack-800x534.jpg 800w, https:\/\/www.gitesislacooldouce.fr\/wp-content\/uploads\/snack.jpg 1200w\" sizes=\"auto, (max-width: 900px) 100vw, 400px\" \/><\/span><\/div><div class=\"fusion-sep-clear\"><\/div><div class=\"fusion-separator fusion-full-width-sep sep-none\" style=\"margin-left: auto;margin-right: auto;margin-top:30px;\"><\/div><div class=\"fusion-text\"><p>Die Terrasse bietet Ihnen einen unglaublichen Blick auf unseren Strand am Ufer der Ard\u00e8che.<\/p>\n<p>Entdecken Sie unsere verschiedenen Gerichte: Salate, Snacks, Kebabs oder unsere hausgemachten Burger.<\/p>\n<p>Ge\u00f6ffnet von 12 bis 18 Uhr durchgehend. Kostenloser Zugang f\u00fcr Isla Cool Douce-Kunden.<\/p>\n<\/div><div class=\"fusion-clearfix\"><\/div>\n\t\t\t\t\t<\/div>\n\t\t\t\t\t<span class=\"fusion-column-inner-bg hover-type-none\">\n\t\t\t\t\t\t<a href=\"http:\/\/www.islacooldouce.fr\/\" rel=\"noopener noreferrer\" target=\"_blank\" aria-label=\"\">\n\t\t\t\t\t\t\t<span class=\"fusion-column-inner-bg-image\"  style=\"background-position:left top;background-repeat:no-repeat;-webkit-background-size:cover;-moz-background-size:cover;-o-background-size:cover;background-size:cover;\"><\/span><\/a>\n\t\t\t\t\t<\/span>\n\t\t\t\t<\/div><div  class=\"fusion-layout-column fusion_builder_column fusion_builder_column_1_4  fusion-one-fourth bloc-restos fusion-column-inner-bg-wrapper 1_4\"  style='margin-top:0px;margin-bottom:20px;width:25%;width:calc(25% - ( ( 30px + 30px + 30px ) * 0.25 ) );margin-right: 30px;'>\n\t\t\t\t\t<div class=\"fusion-column-wrapper\" style=\"padding: 0px 0px 0px 0px;\" data-bg-url=\"\">\n\t\t\t\t\t\t<div class=\"fusion-title title fusion-sep-none fusion-title-size-three\" style=\"margin-top:0px;margin-bottom:25px;\"><h3 class=\"title-heading-left\"><i class=\"fas fa-utensils\"><\/i> L&#8217;Auberge Gonfl\u00e9e<span class=\"nd\"> Laurac: 5 Minuten zu Fu\u00df<\/span><\/h3><\/div><div class=\"imageframe-align-center\"><span class=\"fusion-imageframe imageframe-none imageframe-2 hover-type-none\"><img loading=\"lazy\" decoding=\"async\" src=\"https:\/\/www.gitesislacooldouce.fr\/wp-content\/uploads\/logo-l-auberge-gonflee.png\" width=\"258\" height=\"177\" alt=\"L&#039;Auberge Gonfl\u00e9e - Laurac en Vivarais\" title=\"L&#8217;Auberge Gonfl\u00e9e &#8211; Laurac en Vivarais\" class=\"img-responsive wp-image-3705\" srcset=\"https:\/\/www.gitesislacooldouce.fr\/wp-content\/uploads\/logo-l-auberge-gonflee-200x137.png 200w, https:\/\/www.gitesislacooldouce.fr\/wp-content\/uploads\/logo-l-auberge-gonflee.png 258w\" sizes=\"auto, (max-width: 900px) 100vw, 258px\" \/><\/span><\/div><div class=\"fusion-sep-clear\"><\/div><div class=\"fusion-separator fusion-full-width-sep sep-none\" style=\"margin-left: auto;margin-right: auto;margin-top:50px;\"><\/div><div class=\"fusion-text\"><p>Das Restaurant l&#8217;Auberge Gonfl\u00e9e ist ein wundersch\u00f6nes Steingeb\u00e4ude mit einer Terrasse mit Blick auf die Berge der Ard\u00e8che. Spezialisiert auf am Spie\u00df gebratene Schweine.<\/p>\n<p>Sie bieten traditionelle K\u00fcche in einer freundlichen und warmen Atmosph\u00e4re.<\/p>\n<p>Im Urlaub, mit Freunden oder der Familie ist dieses Restaurant der ideale Ort f\u00fcr einen unterhaltsamen Moment f\u00fcr jeden Geldbeutel.<\/p>\n<\/div><div class=\"fusion-clearfix\"><\/div>\n\t\t\t\t\t<\/div>\n\t\t\t\t\t<span class=\"fusion-column-inner-bg hover-type-none\">\n\t\t\t\t\t\t<a href=\"http:\/\/www.aubergegonflee.com\/\" rel=\"noopener noreferrer\" target=\"_blank\" aria-label=\"\">\n\t\t\t\t\t\t\t<span class=\"fusion-column-inner-bg-image\"  style=\"background-position:left top;background-repeat:no-repeat;-webkit-background-size:cover;-moz-background-size:cover;-o-background-size:cover;background-size:cover;\"><\/span><\/a>\n\t\t\t\t\t<\/span>\n\t\t\t\t<\/div><div  class=\"fusion-layout-column fusion_builder_column fusion_builder_column_1_4  fusion-one-fourth bloc-restos fusion-column-inner-bg-wrapper 1_4\"  style='margin-top:0px;margin-bottom:20px;width:25%;width:calc(25% - ( ( 30px + 30px + 30px ) * 0.25 ) );margin-right: 30px;'>\n\t\t\t\t\t<div class=\"fusion-column-wrapper\" style=\"padding: 0px 0px 0px 0px;\" data-bg-url=\"\">\n\t\t\t\t\t\t<div class=\"fusion-title title fusion-sep-none fusion-title-size-three\" style=\"margin-top:0px;margin-bottom:25px;\"><h3 class=\"title-heading-left\"><i class=\"fas fa-utensils\"><\/i> Le Terminus<span class=\"nd\"> Ruoms: 20 Minuten Fahrt<\/span><\/h3><\/div><div class=\"imageframe-align-center\"><span class=\"fusion-imageframe imageframe-none imageframe-3 hover-type-none\"><img loading=\"lazy\" decoding=\"async\" src=\"https:\/\/www.gitesislacooldouce.fr\/wp-content\/uploads\/logo-le-terminus-300x190.jpg\" width=\"300\" height=\"190\" alt=\"Restaurant Le Terminus - Ruoms\" title=\"Restaurant Le Terminus &#8211; Ruoms\" class=\"img-responsive wp-image-3703\" srcset=\"https:\/\/www.gitesislacooldouce.fr\/wp-content\/uploads\/logo-le-terminus-200x127.jpg 200w, https:\/\/www.gitesislacooldouce.fr\/wp-content\/uploads\/logo-le-terminus-400x254.jpg 400w, https:\/\/www.gitesislacooldouce.fr\/wp-content\/uploads\/logo-le-terminus.jpg 451w\" sizes=\"auto, (max-width: 900px) 100vw, 400px\" \/><\/span><\/div><div class=\"fusion-sep-clear\"><\/div><div class=\"fusion-separator fusion-full-width-sep sep-none\" style=\"margin-left: auto;margin-right: auto;margin-top:50px;\"><\/div><div class=\"fusion-text\"><p>Spezialisiert auf lokale Zubereitungen. Den Gaumen mit einem guten Glas Wein verw\u00f6hnen.<\/p>\n<\/div><div class=\"fusion-clearfix\"><\/div>\n\t\t\t\t\t<\/div>\n\t\t\t\t\t<span class=\"fusion-column-inner-bg hover-type-none\">\n\t\t\t\t\t\t<a href=\"https:\/\/fr-fr.facebook.com\/pages\/category\/Restaurant\/Restaurant-Le-Terminus-RUOMS-1043448722454972\/\" rel=\"noopener noreferrer\" target=\"_blank\" aria-label=\"\">\n\t\t\t\t\t\t\t<span class=\"fusion-column-inner-bg-image\"  style=\"background-position:left top;background-repeat:no-repeat;-webkit-background-size:cover;-moz-background-size:cover;-o-background-size:cover;background-size:cover;\"><\/span><\/a>\n\t\t\t\t\t<\/span>\n\t\t\t\t<\/div><div  class=\"fusion-layout-column fusion_builder_column fusion_builder_column_1_4  fusion-one-fourth fusion-column-last bloc-restos fusion-column-inner-bg-wrapper 1_4\"  style='margin-top:0px;margin-bottom:20px;width:25%;width:calc(25% - ( ( 30px + 30px + 30px ) * 0.25 ) );'>\n\t\t\t\t\t<div class=\"fusion-column-wrapper\" style=\"padding: 0px 0px 0px 0px;\" data-bg-url=\"\">\n\t\t\t\t\t\t<div class=\"fusion-title title fusion-sep-none fusion-title-size-three\" style=\"margin-top:0px;margin-bottom:25px;\"><h3 class=\"title-heading-left\"><i class=\"fas fa-utensils\"><\/i> Garage 116<span class=\"nd\"> Ruoms: 20 Minuten Fahrt<\/span><\/h3><\/div><div class=\"imageframe-align-center\"><span class=\"fusion-imageframe imageframe-none imageframe-4 hover-type-none\"><img loading=\"lazy\" decoding=\"async\" src=\"https:\/\/www.gitesislacooldouce.fr\/wp-content\/uploads\/garage116.jpg\" width=\"451\" height=\"225\" alt=\"Garage 116 - Ruoms\" title=\"Garage 116 &#8211; Ruoms\" class=\"img-responsive wp-image-3790\" srcset=\"https:\/\/www.gitesislacooldouce.fr\/wp-content\/uploads\/garage116-200x100.jpg 200w, https:\/\/www.gitesislacooldouce.fr\/wp-content\/uploads\/garage116-400x200.jpg 400w, https:\/\/www.gitesislacooldouce.fr\/wp-content\/uploads\/garage116.jpg 451w\" sizes=\"auto, (max-width: 900px) 100vw, 451px\" \/><\/span><\/div><div class=\"fusion-sep-clear\"><\/div><div class=\"fusion-separator fusion-full-width-sep sep-none\" style=\"margin-left: auto;margin-right: auto;margin-top:50px;\"><\/div><div class=\"fusion-text\"><p>Sch\u00f6nes Hamburger-Restaurant nach dem Einkauf in Ruoms.<\/p>\n<\/div><div class=\"fusion-clearfix\"><\/div>\n\t\t\t\t\t<\/div>\n\t\t\t\t\t<span class=\"fusion-column-inner-bg hover-type-none\">\n\t\t\t\t\t\t<a href=\"https:\/\/www.facebook.com\/garage116ruoms\/\" rel=\"noopener noreferrer\" target=\"_blank\" aria-label=\"\">\n\t\t\t\t\t\t\t<span class=\"fusion-column-inner-bg-image\"  style=\"background-position:left top;background-repeat:no-repeat;-webkit-background-size:cover;-moz-background-size:cover;-o-background-size:cover;background-size:cover;\"><\/span><\/a>\n\t\t\t\t\t<\/span>\n\t\t\t\t<\/div><\/div><\/div>\n","protected":false},"excerpt":{"rendered":"","protected":false},"author":1,"featured_media":0,"parent":3577,"menu_order":0,"comment_status":"closed","ping_status":"closed","template":"","meta":{"footnotes":""},"class_list":["post-3563","page","type-page","status-publish","hentry"],"_links":{"self":[{"href":"https:\/\/www.gitesislacooldouce.fr\/de\/wp-json\/wp\/v2\/pages\/3563","targetHints":{"allow":["GET"]}}],"collection":[{"href":"https:\/\/www.gitesislacooldouce.fr\/de\/wp-json\/wp\/v2\/pages"}],"about":[{"href":"https:\/\/www.gitesislacooldouce.fr\/de\/wp-json\/wp\/v2\/types\/page"}],"author":[{"embeddable":true,"href":"https:\/\/www.gitesislacooldouce.fr\/de\/wp-json\/wp\/v2\/users\/1"}],"replies":[{"embeddable":true,"href":"https:\/\/www.gitesislacooldouce.fr\/de\/wp-json\/wp\/v2\/comments?post=3563"}],"version-history":[{"count":2,"href":"https:\/\/www.gitesislacooldouce.fr\/de\/wp-json\/wp\/v2\/pages\/3563\/revisions"}],"predecessor-version":[{"id":3908,"href":"https:\/\/www.gitesislacooldouce.fr\/de\/wp-json\/wp\/v2\/pages\/3563\/revisions\/3908"}],"up":[{"embeddable":true,"href":"https:\/\/www.gitesislacooldouce.fr\/de\/wp-json\/wp\/v2\/pages\/3577"}],"wp:attachment":[{"href":"https:\/\/www.gitesislacooldouce.fr\/de\/wp-json\/wp\/v2\/media?parent=3563"}],"curies":[{"name":"wp","href":"https:\/\/api.w.org\/{rel}","templated":true}]}}